{"id":2019,"date":"2026-02-06T16:19:51","date_gmt":"2026-02-06T15:19:51","guid":{"rendered":"https:\/\/camping-helios.plune.fr\/signature-reihe\/"},"modified":"2026-02-16T14:15:18","modified_gmt":"2026-02-16T13:15:18","slug":"signature-reihe","status":"publish","type":"page","link":"https:\/\/www.camping-helios.com\/de\/unterkuenfte\/signature-reihe\/","title":{"rendered":"Signature-Reihe"},"content":{"rendered":"\n<div class=\"wp-block-group alignfull hrz-hero-5 home-hero is-layout-flow wp-block-group-is-layout-flow\" style=\"margin-top:0;margin-bottom:0;padding-top:0;padding-right:0;padding-bottom:0;padding-left:0\">\n<div class=\"wp-block-group hrz-hero-5-video is-layout-flow wp-block-group-is-layout-flow\">\n<div class=\"wp-block-cover alignfull has-custom-content-position is-position-bottom-center banner-m-50vh\" style=\"padding-top:0;padding-right:0;padding-bottom:0;padding-left:0;min-height:100vh;aspect-ratio:unset;\"><img alt=\"Terrasse en bois avec chaise longue.\" loading=\"lazy\" decoding=\"async\" width=\"2200\" height=\"1440\" class=\"wp-block-cover__image-background wp-image-951 size-16\/9_2560x1440_desktop\" alt=\"\" src=\"https:\/\/www.camping-helios.com\/wp-content\/uploads\/2026\/02\/bahia-prestige-camping-helios-herault_07-2200x1440.webp\" data-object-fit=\"cover\" srcset=\"https:\/\/www.camping-helios.com\/wp-content\/uploads\/2026\/02\/bahia-prestige-camping-helios-herault_07-2200x1440.webp 2200w, https:\/\/www.camping-helios.com\/wp-content\/uploads\/2026\/02\/bahia-prestige-camping-helios-herault_07-120x80.webp 120w\" sizes=\"auto, (max-width: 2200px) 100vw, 2200px\" \/><span aria-hidden=\"true\" class=\"wp-block-cover__background has-transparent-background-color has-background-dim-100 has-background-dim\"><\/span><div class=\"wp-block-cover__inner-container is-layout-flow wp-block-cover-is-layout-flow\">\n<div class=\"wp-block-group has-secondary-gradient-gradient-background has-background has-global-padding is-layout-constrained wp-block-group-is-layout-constrained\">\n<div style=\"height:15vh\" aria-hidden=\"true\" class=\"wp-block-spacer\"><\/div>\n<\/div>\n<\/div><\/div>\n<\/div>\n<\/div>\n<div style=\"padding-top:10px;padding-left:10px;\" class=\"alignfull wp-elements-c549f836684188f85e65cc5f157bd5e7 wp-block-wpseopress-breadcrumbs\"><nav  aria-label=\"Brotkrumen\"><ol class=\"breadcrumb\" itemscope itemtype=\"https:\/\/schema.org\/BreadcrumbList\"><li class=\"breadcrumb-item active\" aria-current=\"page\" itemprop=\"itemListElement\" itemscope itemtype=\"https:\/\/schema.org\/ListItem\"><span itemprop=\"name\">Camping Vias Plage<\/span><meta itemprop=\"position\" content=\"1\"><\/li><\/ol><\/nav><\/div>\n<div class=\"wp-block-group alignfull has-global-padding is-layout-constrained wp-container-core-group-is-layout-9c03a1a5 wp-block-group-is-layout-constrained\" style=\"margin-top:0;margin-bottom:153px;padding-top:0;padding-right:0;padding-bottom:0;padding-left:0\">\n<div class=\"wp-block-group has-global-padding is-layout-constrained wp-container-core-group-is-layout-6d08aa83 wp-block-group-is-layout-constrained\" style=\"margin-top:0;margin-bottom:0;padding-top:0;padding-right:0;padding-bottom:0;padding-left:0\">\n<div class=\"wp-block-group alignwide is-layout-flow wp-block-group-is-layout-flow\">\n<figure class=\"wp-block-image aligncenter size-full\"><img loading=\"lazy\" decoding=\"async\" width=\"72\" height=\"90\" src=\"https:\/\/www.camping-helios.com\/wp-content\/uploads\/2026\/02\/mascotte_avis-1.webp\" alt=\"Stilisiertes Logo einer Figur in Form eines Igels\" class=\"wp-image-1648\"\/><\/figure>\n\n\n\n<div style=\"height:15px\" aria-hidden=\"true\" class=\"wp-block-spacer\"><\/div>\n<\/div>\n<\/div>\n\n\n\n<div class=\"wp-block-group has-global-padding is-layout-constrained wp-container-core-group-is-layout-72d38984 wp-block-group-is-layout-constrained\" style=\"margin-top:0;margin-bottom:0;padding-top:0;padding-right:0;padding-bottom:0;padding-left:0\">\n<h1 class=\"wp-block-heading has-text-align-center is-style-top-title is-style-top-title--1\" style=\"margin-bottom:0\"><br\/><br\/>\u2728 S <strong>ignature-Reihe<\/strong><\/h1>\n\n\n\n<p class=\"has-text-align-center is-style-title-below is-style-title-below--2\" style=\"padding-bottom:0\">Alle Leistungen&#8230; f\u00fcr ein einzigartiges Erlebnis<\/p>\n\n\n\n<div class=\"wp-block-group has-global-padding is-layout-constrained wp-block-group-is-layout-constrained\">\n<p class=\"has-text-align-center\">Die Signature-Palette umfasst <strong>alle Leistungen der Nature- und Evasion-Palette<\/strong> mit <strong>noch hochwertigerer<\/strong> Ausstattung und R\u00e4umlichkeiten.<\/p>\n\n\n\n<p class=\"has-text-align-center\">Diese Produktreihe richtet sich an Urlauber, die <strong>Camping auf eine andere Art und Weise erleben<\/strong> m\u00f6chten, mit einem Maximum an Komfort und Premiumleistungen:<\/p>\n\n\n\n<ul class=\"wp-block-list\">\n<li>Ausgestattete K\u00fcche<\/li>\n\n\n\n<li>2 oder 3 Schlafzimmer (mit Kissen, Betteinlagen und Decken)<\/li>\n\n\n\n<li><strong>1 oder 2 Badezimmer<\/strong><\/li>\n\n\n\n<li><strong>1 oder 2 Toiletten<\/strong><\/li>\n\n\n\n<li>Gartenm\u00f6bel<\/li>\n\n\n\n<li>Klimaanlage<\/li>\n\n\n\n<li>Fernsehen<\/li>\n\n\n\n<li><strong>Geschirrsp\u00fcler<\/strong><\/li>\n\n\n\n<li><strong>2 Liegest\u00fchle (je nach Modell)<\/strong><\/li>\n\n\n\n<li><strong>Sehr neue Mobilheime<\/strong><\/li>\n\n\n\n<li><strong>Privatgarten (je nach Modell)<\/strong><\/li>\n\n\n\n<li><strong>\u00dcberdachte Terrasse<\/strong><\/li>\n\n\n\n<li><strong>Jalousien und Moskitonetze in jedem Zimmer<\/strong><\/li>\n<\/ul>\n<\/div>\n<\/div>\n<\/div>\n\n<div class=\"wp-block-group alignfull has-global-padding is-layout-constrained wp-container-core-group-is-layout-72d38984 wp-block-group-is-layout-constrained\" style=\"margin-top:0;margin-bottom:0;padding-top:0;padding-right:0;padding-bottom:0;padding-left:0\">\n\t<div class=\"alignfull swiper-hebergement-static is-layout-flow wp-block-horizon-blocks-query-camping-rest-static-is-layout-flow\">\n\t\t<ul class=\"static-hebergement-listing swiper-wrapper\">\n\t\t\t<style>:root { \n\t\t\t\t--static-query-color: var(--wp--custom--color--card-product-content-price-available-background);\n\t\t\t\t--available-text-content-color: var(--wp--custom--color--card-product-content-price-available-paragraph);\n\t\t\t\t--available-btn-bg-color: var(--wp--custom--color--card-product-content-price-available-button-book-background);\n\t\t\t\t--available-btn-text-color: var(--wp--custom--color--card-product-content-price-available-button-book-paragraph);\n\t\t\t\t--available-btn-bg-hover-color: var(--wp--custom--color--card-product-content-price-available-button-book-background-hover);\n\t\t\t\t--available-btn-text-hover-color: var(--wp--custom--color--card-product-content-price-available-button-book-paragraph-hover);}\n\t\t\t<\/style>\n\t\t\t\t<li class=\"swiper-slide\">\n\t\t\t\t\t<div class=\"wp-block-group card-product-hebergement card-gamme\">\n\n\t\t\t\t\t\t<div class=\"wp-block-group card-product-hebergement-product-thumbnail\">\n\t\t\t\t\t\t\t<div class=\"wp-block-group\">\n\t\t\t\t\t\t\t\t<a href=\"https:\/\/www.camping-helios.com\/de\/hebergements\/chalet-ottawa-6pers-3-schlafz-klimaanlage-tv-lv\/\" title=\"Chalet Ottawa 6 Pers. 3 ch. Klima\/TV\/LV\">\n\t\t\t\t\t\t\t\t\t<figure class=\"wp-block-image alignfull size-large\" style=\"margin:0;\">\n\t\t\t\t\t\t\t\t\t\t<img decoding=\"async\" src=\"https:\/\/www.camping-helios.com\/wp-content\/uploads\/2026\/02\/chalet-ottawa-camping-helios-herault_01-1024x683.webp\" alt=\"Chalet Ottawa 6 Pers. 3 ch. Klima\/TV\/LV\" \/>\n\t\t\t\t\t\t\t\t\t<\/figure>\n\t\t\t\t\t\t\t\t<\/a>\n\t\t\t\t\t\t\t<\/div>\n\n\t\t\t\t\t\t\t<div class=\"wp-block-group bloc-thumbnail-informations\">\n\n\t\t\t\t\t\t\t\t\t\t\t\t\t\t\t\t\t\t\t\t\t\t\t\t\t\t\t<div class=\"wp-block-group bloc-thumbnail-information\">\n\t\t\t\t\t\t\t\t\t\t\t<i class=\"fa-sharp fa-solid fa-family\"><\/i>\t\t\t\t\t\t\t\t\t\t\t<p class=\"label\">6 pers.<\/p>\n\t\t\t\t\t\t\t\t\t\t<\/div>\n\t\t\t\t\t\t\t\t\t\t\t\t\t\t\t\t\t\t\t<div class=\"wp-block-group bloc-thumbnail-information\">\n\t\t\t\t\t\t\t\t\t\t\t<i class=\"fa-solid fa-bed-front\"><\/i>\t\t\t\t\t\t\t\t\t\t\t<p class=\"label\">3   ch.<\/p>\n\t\t\t\t\t\t\t\t\t\t<\/div>\n\t\t\t\t\t\t\t\t\t\t\t\t\t\t\t\t\t\t\t<div class=\"wp-block-group bloc-thumbnail-information\">\n\t\t\t\t\t\t\t\t\t\t\t<i class=\"fa-solid fa-angle-90\"><\/i>\t\t\t\t\t\t\t\t\t\t\t<p class=\"label\">33   m\u00b2<\/p>\n\t\t\t\t\t\t\t\t\t\t<\/div>\n\t\t\t\t\t\t\t\t\t\n\t\t\t\t\t\t\t\t\n\t\t\t\t\t\t\t<\/div>\n\t\t\t\t\t\t<\/div>\n\n\t\t\t\t\t\t<div class=\"wp-block-group card-product-hebergement-product-content\">\n\t\t\t\t\t\t\t<p class=\"bloc-content-name-gamme\">Signature-Reihe<\/p>\n\n\t\t\t\t\t\t\t<h3 class=\"bloc-content-name-product\">Chalet Ottawa 6 Pers. 3 ch. Klima\/TV\/LV<\/h3>\n\n\t\t\t\t\t\t\t<div class=\"card-price\">\n\t\t\t\t\t\t\t\t<div class=\"loader\"><span class=\"dot\"><\/span><span class=\"dot\"><\/span><span class=\"dot\"><\/span><\/div>\n\n\t\t\t\t\t\t\t\t<div class=\"booking_default\">\n\t\t\t\t\t\t\t\t\t<div class=\"wp-block-group card-product-hebergement-product-price\">\n\n\t\t\t\t\t\t\t\t\t\t\n\n\n\t\t\t\t\t\t\t\t\t\t<div class=\"wp-block-buttons alignfull\">\n\t\t\t\t\t\t\t\t\t\t\t<div class=\"bloc-price-button-book\"><a href=\"https:\/\/www.camping-helios.com\/de\/hebergements\/chalet-ottawa-6pers-3-schlafz-klimaanlage-tv-lv\/\" class=\"wp-block-button__link wp-element-button\">R\u00e9server<\/a><\/div>\n\t\t\t\t\t\t\t\t\t\t<\/div>\n\t\t\t\t\t\t\t\t\t<\/div>\n\t\t\t\t\t\t\t\t<\/div>\n\t\t\t\t\t\t\t<\/div>\n\t\t\t\t\t\t<\/div>\n\t\t\t\t\t<\/div>\n\t\t\t\t<\/li>\n\n\n\t\t\t\n\t\t\t\t<li class=\"swiper-slide\">\n\t\t\t\t\t<div class=\"wp-block-group card-product-hebergement card-gamme\">\n\n\t\t\t\t\t\t<div class=\"wp-block-group card-product-hebergement-product-thumbnail\">\n\t\t\t\t\t\t\t<div class=\"wp-block-group\">\n\t\t\t\t\t\t\t\t<a href=\"https:\/\/www.camping-helios.com\/de\/hebergements\/mh-bahia-prestige-6-betten-3-schlafzimmer-2-baeder-climate-ctv-lv\/\" title=\"MH Bahia Prestige 6 Pers. 3 ch. 2 Badezimmer\/Clim\/TV\/LV\">\n\t\t\t\t\t\t\t\t\t<figure class=\"wp-block-image alignfull size-large\" style=\"margin:0;\">\n\t\t\t\t\t\t\t\t\t\t<img decoding=\"async\" src=\"https:\/\/www.camping-helios.com\/wp-content\/uploads\/2026\/02\/bahia-prestige-camping-helios-herault_07-1024x683.webp\" alt=\"MH Bahia Prestige 6 Pers. 3 ch. 2 Badezimmer\/Clim\/TV\/LV\" \/>\n\t\t\t\t\t\t\t\t\t<\/figure>\n\t\t\t\t\t\t\t\t<\/a>\n\t\t\t\t\t\t\t<\/div>\n\n\t\t\t\t\t\t\t<div class=\"wp-block-group bloc-thumbnail-informations\">\n\n\t\t\t\t\t\t\t\t\t\t\t\t\t\t\t\t\t\t\t\t\t\t\t\t\t\t\t<div class=\"wp-block-group bloc-thumbnail-information\">\n\t\t\t\t\t\t\t\t\t\t\t<i class=\"fa-sharp fa-solid fa-family\"><\/i>\t\t\t\t\t\t\t\t\t\t\t<p class=\"label\">6\/7 pers.<\/p>\n\t\t\t\t\t\t\t\t\t\t<\/div>\n\t\t\t\t\t\t\t\t\t\t\t\t\t\t\t\t\t\t\t<div class=\"wp-block-group bloc-thumbnail-information\">\n\t\t\t\t\t\t\t\t\t\t\t<i class=\"fa-solid fa-bed-front\"><\/i>\t\t\t\t\t\t\t\t\t\t\t<p class=\"label\">3   ch.<\/p>\n\t\t\t\t\t\t\t\t\t\t<\/div>\n\t\t\t\t\t\t\t\t\t\t\t\t\t\t\t\t\t\t\t<div class=\"wp-block-group bloc-thumbnail-information\">\n\t\t\t\t\t\t\t\t\t\t\t<i class=\"fa-solid fa-angle-90\"><\/i>\t\t\t\t\t\t\t\t\t\t\t<p class=\"label\">40   m\u00b2<\/p>\n\t\t\t\t\t\t\t\t\t\t<\/div>\n\t\t\t\t\t\t\t\t\t\n\t\t\t\t\t\t\t\t\n\t\t\t\t\t\t\t<\/div>\n\t\t\t\t\t\t<\/div>\n\n\t\t\t\t\t\t<div class=\"wp-block-group card-product-hebergement-product-content\">\n\t\t\t\t\t\t\t<p class=\"bloc-content-name-gamme\">Signature-Reihe<\/p>\n\n\t\t\t\t\t\t\t<h3 class=\"bloc-content-name-product\">MH Bahia Prestige 6 Pers. 3 ch. 2 Badezimmer\/Clim\/TV\/LV<\/h3>\n\n\t\t\t\t\t\t\t<div class=\"card-price\">\n\t\t\t\t\t\t\t\t<div class=\"loader\"><span class=\"dot\"><\/span><span class=\"dot\"><\/span><span class=\"dot\"><\/span><\/div>\n\n\t\t\t\t\t\t\t\t<div class=\"booking_default\">\n\t\t\t\t\t\t\t\t\t<div class=\"wp-block-group card-product-hebergement-product-price\">\n\n\t\t\t\t\t\t\t\t\t\t\n\n\n\t\t\t\t\t\t\t\t\t\t<div class=\"wp-block-buttons alignfull\">\n\t\t\t\t\t\t\t\t\t\t\t<div class=\"bloc-price-button-book\"><a href=\"https:\/\/www.camping-helios.com\/de\/hebergements\/mh-bahia-prestige-6-betten-3-schlafzimmer-2-baeder-climate-ctv-lv\/\" class=\"wp-block-button__link wp-element-button\">R\u00e9server<\/a><\/div>\n\t\t\t\t\t\t\t\t\t\t<\/div>\n\t\t\t\t\t\t\t\t\t<\/div>\n\t\t\t\t\t\t\t\t<\/div>\n\t\t\t\t\t\t\t<\/div>\n\t\t\t\t\t\t<\/div>\n\t\t\t\t\t<\/div>\n\t\t\t\t<\/li>\n\n\n\t\t\t\n\t\t\t\t<li class=\"swiper-slide\">\n\t\t\t\t\t<div class=\"wp-block-group card-product-hebergement card-gamme\">\n\n\t\t\t\t\t\t<div class=\"wp-block-group card-product-hebergement-product-thumbnail\">\n\t\t\t\t\t\t\t<div class=\"wp-block-group\">\n\t\t\t\t\t\t\t\t<a href=\"https:\/\/www.camping-helios.com\/de\/hebergements\/mh-super-riviera-6-pers-3-ch-klima-tv-lv\/\" title=\"MH Super Riviera 6 Pers. 3 ch. Klima\/TV\/LV\">\n\t\t\t\t\t\t\t\t\t<figure class=\"wp-block-image alignfull size-large\" style=\"margin:0;\">\n\t\t\t\t\t\t\t\t\t\t<img decoding=\"async\" src=\"https:\/\/www.camping-helios.com\/wp-content\/uploads\/2026\/02\/EXTERIEUR-SUPER-RIVIERA-FLEURS.jpg\" alt=\"MH Super Riviera 6 Pers. 3 ch. Klima\/TV\/LV\" \/>\n\t\t\t\t\t\t\t\t\t<\/figure>\n\t\t\t\t\t\t\t\t<\/a>\n\t\t\t\t\t\t\t<\/div>\n\n\t\t\t\t\t\t\t<div class=\"wp-block-group bloc-thumbnail-informations\">\n\n\t\t\t\t\t\t\t\t\t\t\t\t\t\t\t\t\t\t\t\t\t\t\t\t\t\t\t<div class=\"wp-block-group bloc-thumbnail-information\">\n\t\t\t\t\t\t\t\t\t\t\t<i class=\"fa-sharp fa-solid fa-family\"><\/i>\t\t\t\t\t\t\t\t\t\t\t<p class=\"label\">6\/8 pers.<\/p>\n\t\t\t\t\t\t\t\t\t\t<\/div>\n\t\t\t\t\t\t\t\t\t\t\t\t\t\t\t\t\t\t\t<div class=\"wp-block-group bloc-thumbnail-information\">\n\t\t\t\t\t\t\t\t\t\t\t<i class=\"fa-solid fa-bed-front\"><\/i>\t\t\t\t\t\t\t\t\t\t\t<p class=\"label\">3   ch.<\/p>\n\t\t\t\t\t\t\t\t\t\t<\/div>\n\t\t\t\t\t\t\t\t\t\t\t\t\t\t\t\t\t\t\t<div class=\"wp-block-group bloc-thumbnail-information\">\n\t\t\t\t\t\t\t\t\t\t\t<i class=\"fa-solid fa-angle-90\"><\/i>\t\t\t\t\t\t\t\t\t\t\t<p class=\"label\">30.5   m\u00b2<\/p>\n\t\t\t\t\t\t\t\t\t\t<\/div>\n\t\t\t\t\t\t\t\t\t\n\t\t\t\t\t\t\t\t\n\t\t\t\t\t\t\t<\/div>\n\t\t\t\t\t\t<\/div>\n\n\t\t\t\t\t\t<div class=\"wp-block-group card-product-hebergement-product-content\">\n\t\t\t\t\t\t\t<p class=\"bloc-content-name-gamme\">Signature-Reihe<\/p>\n\n\t\t\t\t\t\t\t<h3 class=\"bloc-content-name-product\">MH Super Riviera 6 Pers. 3 ch. Klima\/TV\/LV<\/h3>\n\n\t\t\t\t\t\t\t<div class=\"card-price\">\n\t\t\t\t\t\t\t\t<div class=\"loader\"><span class=\"dot\"><\/span><span class=\"dot\"><\/span><span class=\"dot\"><\/span><\/div>\n\n\t\t\t\t\t\t\t\t<div class=\"booking_default\">\n\t\t\t\t\t\t\t\t\t<div class=\"wp-block-group card-product-hebergement-product-price\">\n\n\t\t\t\t\t\t\t\t\t\t\n\n\n\t\t\t\t\t\t\t\t\t\t<div class=\"wp-block-buttons alignfull\">\n\t\t\t\t\t\t\t\t\t\t\t<div class=\"bloc-price-button-book\"><a href=\"https:\/\/www.camping-helios.com\/de\/hebergements\/mh-super-riviera-6-pers-3-ch-klima-tv-lv\/\" class=\"wp-block-button__link wp-element-button\">R\u00e9server<\/a><\/div>\n\t\t\t\t\t\t\t\t\t\t<\/div>\n\t\t\t\t\t\t\t\t\t<\/div>\n\t\t\t\t\t\t\t\t<\/div>\n\t\t\t\t\t\t\t<\/div>\n\t\t\t\t\t\t<\/div>\n\t\t\t\t\t<\/div>\n\t\t\t\t<\/li>\n\n\n\t\t\t\n\t\t\t\t<li class=\"swiper-slide\">\n\t\t\t\t\t<div class=\"wp-block-group card-product-hebergement card-gamme\">\n\n\t\t\t\t\t\t<div class=\"wp-block-group card-product-hebergement-product-thumbnail\">\n\t\t\t\t\t\t\t<div class=\"wp-block-group\">\n\t\t\t\t\t\t\t\t<a href=\"https:\/\/www.camping-helios.com\/de\/hebergements\/mh-riviera-4-pers-2-schlafz-klimaanlage-tv-lv\/\" title=\"MH Riviera 4 pers. 2 Zmr Klima\/TV\/LV\">\n\t\t\t\t\t\t\t\t\t<figure class=\"wp-block-image alignfull size-large\" style=\"margin:0;\">\n\t\t\t\t\t\t\t\t\t\t<img decoding=\"async\" src=\"https:\/\/www.camping-helios.com\/wp-content\/uploads\/2026\/02\/exterieur-riviera-2-1-1024x561.jpg\" alt=\"MH Riviera 4 pers. 2 Zmr Klima\/TV\/LV\" \/>\n\t\t\t\t\t\t\t\t\t<\/figure>\n\t\t\t\t\t\t\t\t<\/a>\n\t\t\t\t\t\t\t<\/div>\n\n\t\t\t\t\t\t\t<div class=\"wp-block-group bloc-thumbnail-informations\">\n\n\t\t\t\t\t\t\t\t\t\t\t\t\t\t\t\t\t\t\t\t\t\t\t\t\t\t\t<div class=\"wp-block-group bloc-thumbnail-information\">\n\t\t\t\t\t\t\t\t\t\t\t<i class=\"fa-sharp fa-solid fa-family\"><\/i>\t\t\t\t\t\t\t\t\t\t\t<p class=\"label\">4\/6 pers.<\/p>\n\t\t\t\t\t\t\t\t\t\t<\/div>\n\t\t\t\t\t\t\t\t\t\t\t\t\t\t\t\t\t\t\t<div class=\"wp-block-group bloc-thumbnail-information\">\n\t\t\t\t\t\t\t\t\t\t\t<i class=\"fa-solid fa-bed-front\"><\/i>\t\t\t\t\t\t\t\t\t\t\t<p class=\"label\">2   ch.<\/p>\n\t\t\t\t\t\t\t\t\t\t<\/div>\n\t\t\t\t\t\t\t\t\t\t\t\t\t\t\t\t\t\t\t<div class=\"wp-block-group bloc-thumbnail-information\">\n\t\t\t\t\t\t\t\t\t\t\t<i class=\"fa-solid fa-angle-90\"><\/i>\t\t\t\t\t\t\t\t\t\t\t<p class=\"label\">26   m\u00b2<\/p>\n\t\t\t\t\t\t\t\t\t\t<\/div>\n\t\t\t\t\t\t\t\t\t\n\t\t\t\t\t\t\t\t\n\t\t\t\t\t\t\t<\/div>\n\t\t\t\t\t\t<\/div>\n\n\t\t\t\t\t\t<div class=\"wp-block-group card-product-hebergement-product-content\">\n\t\t\t\t\t\t\t<p class=\"bloc-content-name-gamme\">Signature-Reihe<\/p>\n\n\t\t\t\t\t\t\t<h3 class=\"bloc-content-name-product\">MH Riviera 4 pers. 2 Zmr Klima\/TV\/LV<\/h3>\n\n\t\t\t\t\t\t\t<div class=\"card-price\">\n\t\t\t\t\t\t\t\t<div class=\"loader\"><span class=\"dot\"><\/span><span class=\"dot\"><\/span><span class=\"dot\"><\/span><\/div>\n\n\t\t\t\t\t\t\t\t<div class=\"booking_default\">\n\t\t\t\t\t\t\t\t\t<div class=\"wp-block-group card-product-hebergement-product-price\">\n\n\t\t\t\t\t\t\t\t\t\t\n\n\n\t\t\t\t\t\t\t\t\t\t<div class=\"wp-block-buttons alignfull\">\n\t\t\t\t\t\t\t\t\t\t\t<div class=\"bloc-price-button-book\"><a href=\"https:\/\/www.camping-helios.com\/de\/hebergements\/mh-riviera-4-pers-2-schlafz-klimaanlage-tv-lv\/\" class=\"wp-block-button__link wp-element-button\">R\u00e9server<\/a><\/div>\n\t\t\t\t\t\t\t\t\t\t<\/div>\n\t\t\t\t\t\t\t\t\t<\/div>\n\t\t\t\t\t\t\t\t<\/div>\n\t\t\t\t\t\t\t<\/div>\n\t\t\t\t\t\t<\/div>\n\t\t\t\t\t<\/div>\n\t\t\t\t<\/li>\n\n\n\t\t\t\n\t\t\t\t<li class=\"swiper-slide\">\n\t\t\t\t\t<div class=\"wp-block-group card-product-hebergement card-gamme\">\n\n\t\t\t\t\t\t<div class=\"wp-block-group card-product-hebergement-product-thumbnail\">\n\t\t\t\t\t\t\t<div class=\"wp-block-group\">\n\t\t\t\t\t\t\t\t<a href=\"https:\/\/www.camping-helios.com\/de\/hebergements\/mh-bahia-6-7-pers-3-schlafz-klimaanlage-tv-ls\/\" title=\"MH Bahia 6\/7 Pers. 3 ch. Klima\/TV\/LV\">\n\t\t\t\t\t\t\t\t\t<figure class=\"wp-block-image alignfull size-large\" style=\"margin:0;\">\n\t\t\t\t\t\t\t\t\t\t<img decoding=\"async\" src=\"https:\/\/www.camping-helios.com\/wp-content\/uploads\/2026\/01\/photo-01-larg-1-1024x683.webp\" alt=\"MH Bahia 6\/7 Pers. 3 ch. Klima\/TV\/LV\" \/>\n\t\t\t\t\t\t\t\t\t<\/figure>\n\t\t\t\t\t\t\t\t<\/a>\n\t\t\t\t\t\t\t<\/div>\n\n\t\t\t\t\t\t\t<div class=\"wp-block-group bloc-thumbnail-informations\">\n\n\t\t\t\t\t\t\t\t\t\t\t\t\t\t\t\t\t\t\t\t\t\t\t\t\t\t\t<div class=\"wp-block-group bloc-thumbnail-information\">\n\t\t\t\t\t\t\t\t\t\t\t<i class=\"fa-sharp fa-solid fa-family\"><\/i>\t\t\t\t\t\t\t\t\t\t\t<p class=\"label\">6\/7 pers.<\/p>\n\t\t\t\t\t\t\t\t\t\t<\/div>\n\t\t\t\t\t\t\t\t\t\t\t\t\t\t\t\t\t\t\t<div class=\"wp-block-group bloc-thumbnail-information\">\n\t\t\t\t\t\t\t\t\t\t\t<i class=\"fa-solid fa-bed-front\"><\/i>\t\t\t\t\t\t\t\t\t\t\t<p class=\"label\">3   ch.<\/p>\n\t\t\t\t\t\t\t\t\t\t<\/div>\n\t\t\t\t\t\t\t\t\t\t\t\t\t\t\t\t\t\t\t<div class=\"wp-block-group bloc-thumbnail-information\">\n\t\t\t\t\t\t\t\t\t\t\t<i class=\"fa-solid fa-angle-90\"><\/i>\t\t\t\t\t\t\t\t\t\t\t<p class=\"label\">33   m\u00b2<\/p>\n\t\t\t\t\t\t\t\t\t\t<\/div>\n\t\t\t\t\t\t\t\t\t\n\t\t\t\t\t\t\t\t\n\t\t\t\t\t\t\t<\/div>\n\t\t\t\t\t\t<\/div>\n\n\t\t\t\t\t\t<div class=\"wp-block-group card-product-hebergement-product-content\">\n\t\t\t\t\t\t\t<p class=\"bloc-content-name-gamme\">Signature-Reihe<\/p>\n\n\t\t\t\t\t\t\t<h3 class=\"bloc-content-name-product\">MH Bahia 6\/7 Pers. 3 ch. Klima\/TV\/LV<\/h3>\n\n\t\t\t\t\t\t\t<div class=\"card-price\">\n\t\t\t\t\t\t\t\t<div class=\"loader\"><span class=\"dot\"><\/span><span class=\"dot\"><\/span><span class=\"dot\"><\/span><\/div>\n\n\t\t\t\t\t\t\t\t<div class=\"booking_default\">\n\t\t\t\t\t\t\t\t\t<div class=\"wp-block-group card-product-hebergement-product-price\">\n\n\t\t\t\t\t\t\t\t\t\t\n\n\n\t\t\t\t\t\t\t\t\t\t<div class=\"wp-block-buttons alignfull\">\n\t\t\t\t\t\t\t\t\t\t\t<div class=\"bloc-price-button-book\"><a href=\"https:\/\/www.camping-helios.com\/de\/hebergements\/mh-bahia-6-7-pers-3-schlafz-klimaanlage-tv-ls\/\" class=\"wp-block-button__link wp-element-button\">R\u00e9server<\/a><\/div>\n\t\t\t\t\t\t\t\t\t\t<\/div>\n\t\t\t\t\t\t\t\t\t<\/div>\n\t\t\t\t\t\t\t\t<\/div>\n\t\t\t\t\t\t\t<\/div>\n\t\t\t\t\t\t<\/div>\n\t\t\t\t\t<\/div>\n\t\t\t\t<\/li>\n\n\n\t\t\t\t\t<\/ul>\n\n\t<\/div>\n\n\n\n\n<div style=\"height:280px\" aria-hidden=\"true\" class=\"wp-block-spacer\"><\/div>\n<\/div>\n","protected":false},"excerpt":{"rendered":"<p>\u2728 S ignature-Reihe Alle Leistungen&#8230; f\u00fcr ein einzigartiges Erlebnis Die Signature-Palette umfasst alle Leistungen der Nature- und Evasion-Palette mit noch hochwertigerer Ausstattung und R\u00e4umlichkeiten. Diese Produktreihe richtet sich an Urlauber, die Camping auf eine andere Art und Weise erleben m\u00f6chten, mit einem Maximum an Komfort und Premiumleistungen:<\/p>\n","protected":false},"author":1,"featured_media":0,"parent":2317,"menu_order":4,"comment_status":"closed","ping_status":"closed","template":"page-no-title","meta":{"_acf_changed":false,"_seopress_robots_primary_cat":"","_seopress_titles_title":"Vermietung Signature-Reihe in Vias Plage im Departement H\u00e9rault (34)","_seopress_titles_desc":"Vermietung von Mobilheimen der Reihe Signature in Vias Plage. Genie\u00dfen Sie einen erstklassigen Service und eine au\u00dfergew\u00f6hnliche Umgebung f\u00fcr Ihren Aufenthalt im H\u00e9rault.","_seopress_robots_index":"","footnotes":""},"class_list":["post-2019","page","type-page","status-publish","hentry"],"acf":[],"_links":{"self":[{"href":"https:\/\/www.camping-helios.com\/de\/wp-json\/wp\/v2\/pages\/2019","targetHints":{"allow":["GET"]}}],"collection":[{"href":"https:\/\/www.camping-helios.com\/de\/wp-json\/wp\/v2\/pages"}],"about":[{"href":"https:\/\/www.camping-helios.com\/de\/wp-json\/wp\/v2\/types\/page"}],"author":[{"embeddable":true,"href":"https:\/\/www.camping-helios.com\/de\/wp-json\/wp\/v2\/users\/1"}],"replies":[{"embeddable":true,"href":"https:\/\/www.camping-helios.com\/de\/wp-json\/wp\/v2\/comments?post=2019"}],"version-history":[{"count":2,"href":"https:\/\/www.camping-helios.com\/de\/wp-json\/wp\/v2\/pages\/2019\/revisions"}],"predecessor-version":[{"id":3450,"href":"https:\/\/www.camping-helios.com\/de\/wp-json\/wp\/v2\/pages\/2019\/revisions\/3450"}],"up":[{"embeddable":true,"href":"https:\/\/www.camping-helios.com\/de\/wp-json\/wp\/v2\/pages\/2317"}],"wp:attachment":[{"href":"https:\/\/www.camping-helios.com\/de\/wp-json\/wp\/v2\/media?parent=2019"}],"curies":[{"name":"wp","href":"https:\/\/api.w.org\/{rel}","templated":true}]}}