{"id":2074,"date":"2026-01-07T17:34:33","date_gmt":"2026-01-07T16:34:33","guid":{"rendered":"https:\/\/camping-helios.plune.fr\/tourismus-im-herault\/"},"modified":"2026-02-27T15:40:04","modified_gmt":"2026-02-27T14:40:04","slug":"tourismus-im-herault","status":"publish","type":"page","link":"https:\/\/www.camping-helios.com\/de\/tourismus-im-herault\/","title":{"rendered":"Tourismus im Departement H\u00e9rault"},"content":{"rendered":"\n<div class=\"wp-block-group alignfull hrz-hero-5 home-hero is-layout-flow wp-block-group-is-layout-flow\" style=\"margin-top:0;margin-bottom:0;padding-top:0;padding-right:0;padding-bottom:0;padding-left:0\">\n<div class=\"wp-block-group is-layout-flow wp-block-group-is-layout-flow\">\n<div class=\"wp-block-cover alignfull has-custom-content-position is-position-bottom-center banner-m-50vh\" style=\"padding-top:0;padding-right:0;padding-bottom:0;padding-left:0;min-height:100vh;aspect-ratio:unset;\"><img loading=\"lazy\" decoding=\"async\" width=\"1920\" height=\"1080\" class=\"wp-block-cover__image-background wp-image-354 size-16\/9_1920x1080_desktop\" alt=\"Kayak devant un village m\u00e9di\u00e9val au bord de l'eau.\" src=\"https:\/\/www.camping-helios.com\/wp-content\/uploads\/2026\/01\/AdobeStock_87310342-1920x1080.webp\" style=\"object-position:74% 74%\" data-object-fit=\"cover\" data-object-position=\"74% 74%\" srcset=\"https:\/\/www.camping-helios.com\/wp-content\/uploads\/2026\/01\/AdobeStock_87310342-1920x1080.webp 1920w, https:\/\/www.camping-helios.com\/wp-content\/uploads\/2026\/01\/AdobeStock_87310342-1440x810.webp 1440w, https:\/\/www.camping-helios.com\/wp-content\/uploads\/2026\/01\/AdobeStock_87310342-1366x768.webp 1366w, https:\/\/www.camping-helios.com\/wp-content\/uploads\/2026\/01\/AdobeStock_87310342-1024x576.webp 1024w, https:\/\/www.camping-helios.com\/wp-content\/uploads\/2026\/01\/AdobeStock_87310342-800x450.webp 800w, https:\/\/www.camping-helios.com\/wp-content\/uploads\/2026\/01\/AdobeStock_87310342-640x360.webp 640w, https:\/\/www.camping-helios.com\/wp-content\/uploads\/2026\/01\/AdobeStock_87310342-375x210.webp 375w, https:\/\/www.camping-helios.com\/wp-content\/uploads\/2026\/01\/AdobeStock_87310342-200x112.webp 200w, https:\/\/www.camping-helios.com\/wp-content\/uploads\/2026\/01\/AdobeStock_87310342-100x56.webp 100w\" sizes=\"auto, (max-width: 1920px) 100vw, 1920px\" \/><span aria-hidden=\"true\" class=\"wp-block-cover__background has-transparent-background-color has-background-dim-100 has-background-dim\"><\/span><div class=\"wp-block-cover__inner-container is-layout-flow wp-block-cover-is-layout-flow\">\n<div class=\"wp-block-group has-tiercary-gradient-gradient-background has-background has-global-padding is-layout-constrained wp-block-group-is-layout-constrained\">\n<div style=\"height:15vh\" aria-hidden=\"true\" class=\"wp-block-spacer\"><\/div>\n<\/div>\n<\/div><\/div>\n<\/div>\n<\/div>\n\n<div class=\"wp-block-group alignfull has-global-padding is-layout-constrained wp-block-group-is-layout-constrained\">\n<div class=\"wp-block-group alignfull has-primary-background-color has-background has-global-padding is-layout-constrained wp-block-group-is-layout-constrained\" style=\"padding-top:0;padding-bottom:0\">\n<div class=\"wp-block-group alignfull has-global-padding is-layout-constrained wp-block-group-is-layout-constrained\"><div style=\"padding-left:var(--wp--preset--spacing--s);padding-top:var(--wp--preset--spacing--s);padding-bottom:var(--wp--preset--spacing--s);\" class=\"alignfull wp-elements-bc5a0c7506a2d4cb54b117fca100a8d3 wp-block-wpseopress-breadcrumbs has-text-color has-real-white-color\"><nav  aria-label=\"Brotkrumen\"><ol class=\"breadcrumb\" itemscope itemtype=\"https:\/\/schema.org\/BreadcrumbList\"><li class=\"breadcrumb-item active\" aria-current=\"page\" itemprop=\"itemListElement\" itemscope itemtype=\"https:\/\/schema.org\/ListItem\"><span itemprop=\"name\">Camping Vias Plage<\/span><meta itemprop=\"position\" content=\"1\"><\/li><\/ol><\/nav><\/div>\n\n\n<div style=\"height:100px\" aria-hidden=\"true\" class=\"wp-block-spacer\"><\/div>\n\n\n\n<div class=\"wp-block-group alignfull is-layout-flow wp-block-group-is-layout-flow\">\n<div class=\"wp-block-group alignwide has-global-padding is-layout-constrained wp-container-core-group-is-layout-e72a8c40 wp-block-group-is-layout-constrained\" style=\"padding-right:var(--wp--preset--spacing--xs);padding-left:var(--wp--preset--spacing--xs)\">\n<div class=\"wp-block-group alignwide is-layout-flow wp-container-core-group-is-layout-da2926eb wp-block-group-is-layout-flow\">\n<h2 class=\"wp-block-heading has-text-align-center is-style-top-title has-real-white-color has-text-color has-link-color wp-elements-c569650a17d2ed3753eb9c141069888a is-style-top-title--1\">Was kann man rund um den Campingplatz in Vias Plage unternehmen?<\/h2>\n\n\n\n<p class=\"has-text-align-center is-style-headline is-style-title-below has-real-white-color has-text-color has-link-color wp-elements-1cbc54febbc20a33fac3e3638641633c is-style-title-below--2\">Entdecken Sie die touristischen Ziele <br\/>in der N\u00e4he des Campingplatzes Helios<\/p>\n<\/div>\n\n\n\n<div class=\"wp-block-group has-global-padding is-layout-constrained wp-block-group-is-layout-constrained\">\n<p class=\"has-text-align-center has-real-white-color has-text-color has-link-color wp-elements-90e2fd386cd1e33419072d981a3d53b9\"><br\/>Le <strong><a href=\"https:\/\/www.camping-helios.com\/de\/\" data-type=\"page\" data-id=\"4\">Campingplatz H\u00e9lios in Vias Plage<\/a><\/strong> hat eine privilegierte Lage, um den Tourismus im Departement H\u00e9rault zu genie\u00dfen. Er liegt direkt am Meer, nur 150 m vom Strand und 800 m vom Ferienort Vias-Plage entfernt und bietet die M\u00f6glichkeit, die K\u00fcstenumgebung zu entdecken und gleichzeitig in der N\u00e4he des Campingplatzes zu bleiben. Der Fluss Libron befindet sich ebenfalls in der N\u00e4he, was dem Aufenthalt eine nat\u00fcrliche Dimension verleiht. Vom Campingplatz aus ist es einfach, zwischen Entspannung vor Ort, Spazierg\u00e4ngen am Meer und Entdeckungen in der Umgebung zu wechseln und dabei die organisierte und famili\u00e4re Umgebung von Camping H\u00e9lios zu genie\u00dfen.<\/p>\n<\/div>\n<\/div>\n<\/div>\n\n\n\n<div style=\"height:100px\" aria-hidden=\"true\" class=\"wp-block-spacer\"><\/div>\n<\/div>\n<\/div>\n\n\n\n<div class=\"wp-block-cover alignfull banner-wave-0\" style=\"min-height:431px;aspect-ratio:unset;\"><span aria-hidden=\"true\" class=\"wp-block-cover__background has-transparent-background-color has-background-dim-100 has-background-dim\"><\/span><div class=\"wp-block-cover__inner-container is-layout-flow wp-block-cover-is-layout-flow\">\n<div class=\"wp-block-group alignfull has-global-padding is-layout-constrained wp-block-group-is-layout-constrained\">\n<div class=\"wp-block-group alignfull wpgrid-map-section has-primary-color has-text-color has-link-color wp-elements-d5c392ed8dec91ef1257bcf9211a539e is-layout-flow wp-block-group-is-layout-flow\" style=\"padding-top:var(--wp--preset--spacing--xxl);padding-right:var(--wp--preset--spacing--xs);padding-bottom:var(--wp--preset--spacing--xxl);padding-left:var(--wp--preset--spacing--xs)\">\n<div class=\"wp-block-columns wpgrid-map-content is-style-hrz-reponsive-order is-layout-flex wp-container-core-columns-is-layout-24d8def1 wp-block-columns-is-layout-flex\" style=\"margin-top:0;margin-bottom:0;padding-top:0;padding-right:0;padding-bottom:0;padding-left:0\">\n<div class=\"wp-block-column wpgrid-map-left has-primary-color has-text-color has-link-color wp-elements-3245a74dbd24901e1fbc3628f69b910e is-layout-flow wp-block-column-is-layout-flow\"><!-- Gridbuilder \u1d42\u1d3e Plugin (https:\/\/wpgridbuilder.com) -->\n<div class=\"wp-grid-builder wpgb-grid-5 grid-color-text\" data-options=\"{&quot;id&quot;:5,&quot;type&quot;:&quot;masonry&quot;,&quot;source&quot;:&quot;post_type&quot;,&quot;loader&quot;:false,&quot;layout&quot;:&quot;vertical&quot;,&quot;reveal&quot;:0,&quot;isMainQuery&quot;:false,&quot;lazyLoad&quot;:false,&quot;cardSizes&quot;:{&quot;9999&quot;:{&quot;columns&quot;:3,&quot;height&quot;:120,&quot;gutter&quot;:10,&quot;ratio&quot;:&quot;1.33333&quot;},&quot;1024&quot;:{&quot;columns&quot;:2,&quot;height&quot;:120,&quot;gutter&quot;:10,&quot;ratio&quot;:&quot;1.33333&quot;},&quot;425&quot;:{&quot;columns&quot;:1,&quot;height&quot;:120,&quot;gutter&quot;:0,&quot;ratio&quot;:&quot;1.33333&quot;}},&quot;fitRows&quot;:false,&quot;equalRows&quot;:0,&quot;equalColumns&quot;:true,&quot;fillLastRow&quot;:0,&quot;centerLastRow&quot;:0,&quot;horizontalOrder&quot;:true,&quot;fullWidth&quot;:false,&quot;transitionDelay&quot;:100,&quot;gallerySlideshow&quot;:false,&quot;rowsNumber&quot;:1,&quot;slideAlign&quot;:&quot;left&quot;,&quot;groupCells&quot;:1,&quot;draggable&quot;:true,&quot;initialIndex&quot;:0,&quot;contain&quot;:false,&quot;freeScroll&quot;:false,&quot;freeFriction&quot;:&quot;0.075&quot;,&quot;friction&quot;:&quot;0.285&quot;,&quot;attraction&quot;:&quot;0.025&quot;,&quot;autoPlay&quot;:0,&quot;pageDotAriaLabel&quot;:&quot;Page dot %d&quot;,&quot;isPreview&quot;:false,&quot;isGutenberg&quot;:false,&quot;rightToLeft&quot;:false}\"><div class=\"wpgb-svg-icons\" hidden>\n\t<svg viewBox=\"0 0 120 24\" width=\"0\" height=\"0\">\n\t<defs>\n        <polygon id=\"wpgb-star-svg\" points=\"12 2.5 15.1 8.8 22 9.8 17 14.6 18.2 21.5 12 18.3 5.8 21.5 7 14.6 2 9.8 8.9 8.8\"><\/polygon>\n    <\/defs>\n    <symbol id=\"wpgb-rating-stars-svg\">\n        <use xlink:href=\"#wpgb-star-svg\"><\/use>\n        <use xlink:href=\"#wpgb-star-svg\" x=\"24\"><\/use>\n        <use xlink:href=\"#wpgb-star-svg\" x=\"48\"><\/use>\n        <use xlink:href=\"#wpgb-star-svg\" x=\"72\"><\/use>\n        <use xlink:href=\"#wpgb-star-svg\" x=\"96\"><\/use>\n    <\/symbol>\n<\/svg>\n<\/div>\n<div class=\"wpgb-wrapper\">\n\t<div class=\"wpgb-main\">\n\t<div class=\"wpgb-area wpgb-area-top-2\">\n\t<div class=\"wpgb-facet wpgb-loading wpgb-facet-1\" data-facet=\"1\" data-grid=\"5\"><\/div><div class=\"wpgb-facet wpgb-loading wpgb-facet-11\" data-facet=\"11\" data-grid=\"5\">\t<h4 class=\"wpgb-facet-title\">Entfernung zum Campingplatz<\/h4>\n\t\t<fieldset>\n\t\t<legend class=\"wpgb-facet-title wpgb-sr-only\">Entfernung zum Campingplatz<\/legend>\n\t\t<div class=\"wpgb-range-facet\">\n\t\t\t\t<input type=\"range\" class=\"wpgb-range\" name=\"range_distance[]\" min=\"20\" max=\"111\" step=\"1\" value=\"20\" hidden>\n\t\t\t\t<input type=\"range\" class=\"wpgb-range\" name=\"range_distance[]\" min=\"20\" max=\"111\" step=\"0.00001\" value=\"111\" hidden>\n\t\t\t\t<div class=\"wpgb-range-facet-loader\"><div class=\"wpgb-range-slider\"><div class=\"wpgb-range-progress\"><\/div><div class=\"wpgb-range-thumbs\"><div class=\"wpgb-range-thumb\"><\/div><div class=\"wpgb-range-thumb\"><\/div><\/div><\/div><span class=\"wpgb-range-values\"><span><\/span><\/span><button type=\"button\" class=\"wpgb-range-clear\" disabled>Zur\u00fccksetzen<\/button><\/div>\n\t\t\t<\/div>\t<\/fieldset>\n\t<\/div><\/div>\n<div class=\"wpgb-layout\">\n\t<div class=\"wpgb-viewport\">\n\t\t<div class=\"wpgb-masonry\">\n\t\t\t<article class=\"wpgb-card wpgb-card-21 wpgb-post-4368\" data-col=\"1\" data-row=\"1\" data-format=\"standard\" data-fluid><div class=\"wpgb-card-wrapper\"><div class=\"wpgb-card-inner\"><div class=\"wpgb-card-media wpgb-scheme-light\" data-action><svg data-ratio style=\"padding-top:66.67%\" viewBox=\"0 0 768 512\" aria-hidden=\"true\"><\/svg><div class=\"wpgb-card-media-thumbnail\"><a href=\"https:\/\/www.camping-helios.com\/wp-content\/uploads\/2026\/02\/sigean-1.jpg\" tabindex=\"-1\" class=\"wpgb-handle-lb wpgb-lightbox\" data-type=\"image\" data-rel=\"5\" data-title=\"sigean\" title=\"Enlarge photo\"><div style=\"background-image:url(https:\/\/www.camping-helios.com\/wp-content\/uploads\/2026\/02\/sigean-1-768x512.jpg)\"><\/div><noscript><img loading=\"lazy\" decoding=\"async\" class=\"wpgb-noscript-img\" src=\"https:\/\/www.camping-helios.com\/wp-content\/uploads\/2026\/02\/sigean-1-768x512.jpg\" alt=\"L\u00f6winnen und L\u00f6wenjungen spielen in der Savanne.\" height=\"512\" width=\"768\"><\/noscript><\/a><\/div><a class=\"wpgb-card-layer-link\" target=\"_self\" href=\"https:\/\/www.camping-helios.com\/de\/lieux\/afrikanisches-reservat-von-sigean\/\"><\/a><\/div><div class=\"wpgb-card-content wpgb-scheme-dark\"><div class=\"wpgb-card-body\"><div class=\"wpgb-block-7\"><h3 class=\"wpgb-block-1\"><a href=\"https:\/\/www.camping-helios.com\/de\/lieux\/afrikanisches-reservat-von-sigean\/\">Afrikanisches Reservat von Sigean<\/a><\/h3><\/div><div class=\"wpgb-block-5\"><span class=\"wpgb-block-term\" data-id=\"49\">Besuche<\/span><\/div><p class=\"wpgb-block-2\">Entdecken Sie das afrikanische Reservat von Sigean von unserem Campingplatz in Vias Plage aus: eine Safari mit dem Auto und&#8230;<\/p><div class=\"wpgb-block-3\">Distance du camping : 64km<\/div><\/div><div class=\"wpgb-card-footer\"><a class=\"wpgb-block-4\" href=\"https:\/\/www.camping-helios.com\/de\/lieux\/afrikanisches-reservat-von-sigean\/\"><strong>En savoir plus<\/strong><\/a><\/div><\/div><\/div><\/div><\/article><article class=\"wpgb-card wpgb-card-21 wpgb-post-1921\" data-col=\"1\" data-row=\"1\" data-format=\"standard\" data-fluid><div class=\"wpgb-card-wrapper\"><div class=\"wpgb-card-inner\"><div class=\"wpgb-card-media wpgb-scheme-light\" data-action><svg data-ratio style=\"padding-top:56.25%\" viewBox=\"0 0 768 432\" aria-hidden=\"true\"><\/svg><div class=\"wpgb-card-media-thumbnail\"><a href=\"https:\/\/www.camping-helios.com\/wp-content\/uploads\/2026\/02\/lac-salagou-camping-helios-herault_04-scaled.webp\" tabindex=\"-1\" class=\"wpgb-handle-lb wpgb-lightbox\" data-type=\"image\" data-rel=\"5\" data-title=\"lac-salagou-camping-helios-herault_04\" title=\"Enlarge photo\"><div style=\"background-image:url(https:\/\/www.camping-helios.com\/wp-content\/uploads\/2026\/02\/lac-salagou-camping-helios-herault_04-768x432.webp)\"><\/div><noscript><img loading=\"lazy\" decoding=\"async\" class=\"wpgb-noscript-img\" src=\"https:\/\/www.camping-helios.com\/wp-content\/uploads\/2026\/02\/lac-salagou-camping-helios-herault_04-768x432.webp\" alt=\"Landschaft mit vulkanischem See und roten H\u00fcgeln.\" height=\"432\" width=\"768\"><\/noscript><\/a><\/div><a class=\"wpgb-card-layer-link\" target=\"_self\" href=\"https:\/\/www.camping-helios.com\/de\/lieux\/salagou-see\/\"><\/a><\/div><div class=\"wpgb-card-content wpgb-scheme-dark\"><div class=\"wpgb-card-body\"><div class=\"wpgb-block-7\"><h3 class=\"wpgb-block-1\"><a href=\"https:\/\/www.camping-helios.com\/de\/lieux\/salagou-see\/\">Salagou-See<\/a><\/h3><\/div><div class=\"wpgb-block-5\"><span class=\"wpgb-block-term\" data-id=\"49\">Besuche<\/span><\/div><p class=\"wpgb-block-2\">Entdecken Sie den Salagou-See von unserem Campingplatz in Vias Plage aus: Natur, Aktivit\u00e4ten und einzigartige Landschaften. Ein au\u00dfergew\u00f6hnliches Naturgebiet mit&#8230;<\/p><div class=\"wpgb-block-3\">Distance du camping : 50km<\/div><\/div><div class=\"wpgb-card-footer\"><a class=\"wpgb-block-4\" href=\"https:\/\/www.camping-helios.com\/de\/lieux\/salagou-see\/\"><strong>En savoir plus<\/strong><\/a><\/div><\/div><\/div><\/div><\/article><article class=\"wpgb-card wpgb-card-21 wpgb-post-1863\" data-col=\"1\" data-row=\"1\" data-format=\"standard\" data-fluid><div class=\"wpgb-card-wrapper\"><div class=\"wpgb-card-inner\"><div class=\"wpgb-card-media wpgb-scheme-light\" data-action><svg data-ratio style=\"padding-top:66.93%\" viewBox=\"0 0 768 514\" aria-hidden=\"true\"><\/svg><div class=\"wpgb-card-media-thumbnail\"><a href=\"https:\/\/www.camping-helios.com\/wp-content\/uploads\/2026\/02\/pezenac-camping-helios-herault_01-scaled.webp\" tabindex=\"-1\" class=\"wpgb-handle-lb wpgb-lightbox\" data-type=\"image\" data-rel=\"5\" data-title=\"pezenac-camping-helios-herault_01\" title=\"Enlarge photo\"><div style=\"background-image:url(https:\/\/www.camping-helios.com\/wp-content\/uploads\/2026\/02\/pezenac-camping-helios-herault_01-768x514.webp)\"><\/div><noscript><img loading=\"lazy\" decoding=\"async\" class=\"wpgb-noscript-img\" src=\"https:\/\/www.camping-helios.com\/wp-content\/uploads\/2026\/02\/pezenac-camping-helios-herault_01-768x514.webp\" alt=\"Marmorstatue mit Baum und blauem Himmel.\" height=\"514\" width=\"768\"><\/noscript><\/a><\/div><a class=\"wpgb-card-layer-link\" target=\"_self\" href=\"https:\/\/www.camping-helios.com\/de\/lieux\/pezenas\/\"><\/a><\/div><div class=\"wpgb-card-content wpgb-scheme-dark\"><div class=\"wpgb-card-body\"><div class=\"wpgb-block-7\"><h3 class=\"wpgb-block-1\"><a href=\"https:\/\/www.camping-helios.com\/de\/lieux\/pezenas\/\">P\u00e9zenas<\/a><\/h3><\/div><div class=\"wpgb-block-5\"><span class=\"wpgb-block-term\" data-id=\"52\">St\u00e4dte &amp; D\u00f6rfer<\/span><\/div><p class=\"wpgb-block-2\">Besuchen Sie P\u00e9zenas von unserem Campingplatz in Vias Plage aus: Stadt der Kultur und des Erbes im H\u00e9rault Eine Stadt&#8230;<\/p><div class=\"wpgb-block-3\">Distance du camping : 24km<\/div><\/div><div class=\"wpgb-card-footer\"><a class=\"wpgb-block-4\" href=\"https:\/\/www.camping-helios.com\/de\/lieux\/pezenas\/\"><strong>En savoir plus<\/strong><\/a><\/div><\/div><\/div><\/div><\/article><article class=\"wpgb-card wpgb-card-21 wpgb-post-1766\" data-col=\"1\" data-row=\"1\" data-format=\"standard\" data-fluid><div class=\"wpgb-card-wrapper\"><div class=\"wpgb-card-inner\"><div class=\"wpgb-card-media wpgb-scheme-light\" data-action><svg data-ratio style=\"padding-top:66.67%\" viewBox=\"0 0 768 512\" aria-hidden=\"true\"><\/svg><div class=\"wpgb-card-media-thumbnail\"><a href=\"https:\/\/www.camping-helios.com\/wp-content\/uploads\/2026\/02\/sete-camping-helios-herault_03-2-scaled.webp\" tabindex=\"-1\" class=\"wpgb-handle-lb wpgb-lightbox\" data-type=\"image\" data-rel=\"5\" data-title=\"sete-camping-helios-herault_03\" title=\"Enlarge photo\"><div style=\"background-image:url(https:\/\/www.camping-helios.com\/wp-content\/uploads\/2026\/02\/sete-camping-helios-herault_03-2-768x512.webp)\"><\/div><noscript><img loading=\"lazy\" decoding=\"async\" class=\"wpgb-noscript-img\" src=\"https:\/\/www.camping-helios.com\/wp-content\/uploads\/2026\/02\/sete-camping-helios-herault_03-2-768x512.webp\" alt=\"\" height=\"512\" width=\"768\"><\/noscript><\/a><\/div><a class=\"wpgb-card-layer-link\" target=\"_self\" href=\"https:\/\/www.camping-helios.com\/de\/lieux\/nimes\/\"><\/a><\/div><div class=\"wpgb-card-content wpgb-scheme-dark\"><div class=\"wpgb-card-body\"><div class=\"wpgb-block-7\"><h3 class=\"wpgb-block-1\"><a href=\"https:\/\/www.camping-helios.com\/de\/lieux\/nimes\/\">N\u00eemes<\/a><\/h3><\/div><div class=\"wpgb-block-5\"><span class=\"wpgb-block-term\" data-id=\"52\">St\u00e4dte &amp; D\u00f6rfer<\/span><\/div><p class=\"wpgb-block-2\">Besuchen Sie N\u00eemes von unserem Campingplatz in Vias Plage aus: R\u00f6mische Monumente und antikes Erbe Ein einzigartiges Eintauchen in die&#8230;<\/p><div class=\"wpgb-block-3\">Distance du camping : 111km<\/div><\/div><div class=\"wpgb-card-footer\"><a class=\"wpgb-block-4\" href=\"https:\/\/www.camping-helios.com\/de\/lieux\/nimes\/\"><strong>En savoir plus<\/strong><\/a><\/div><\/div><\/div><\/div><\/article><article class=\"wpgb-card wpgb-card-21 wpgb-post-1822\" data-col=\"1\" data-row=\"1\" data-format=\"standard\" data-fluid><div class=\"wpgb-card-wrapper\"><div class=\"wpgb-card-inner\"><div class=\"wpgb-card-media wpgb-scheme-light\" data-action><svg data-ratio style=\"padding-top:66.67%\" viewBox=\"0 0 768 512\" aria-hidden=\"true\"><\/svg><div class=\"wpgb-card-media-thumbnail\"><a href=\"https:\/\/www.camping-helios.com\/wp-content\/uploads\/2026\/02\/sete-camping-helios-herault_01-1-scaled.webp\" tabindex=\"-1\" class=\"wpgb-handle-lb wpgb-lightbox\" data-type=\"image\" data-rel=\"5\" data-title=\"sete-camping-helios-herault_01\" title=\"Enlarge photo\"><div style=\"background-image:url(https:\/\/www.camping-helios.com\/wp-content\/uploads\/2026\/02\/sete-camping-helios-herault_01-1-768x512.webp)\"><\/div><noscript><img loading=\"lazy\" decoding=\"async\" class=\"wpgb-noscript-img\" src=\"https:\/\/www.camping-helios.com\/wp-content\/uploads\/2026\/02\/sete-camping-helios-herault_01-1-768x512.webp\" alt=\"Kathedrale und mittelalterliche Br\u00fccke \u00fcber den Fluss, B\u00e9ziers.\" height=\"512\" width=\"768\"><\/noscript><\/a><\/div><a class=\"wpgb-card-layer-link\" target=\"_self\" href=\"https:\/\/www.camping-helios.com\/de\/lieux\/beziers\/\"><\/a><\/div><div class=\"wpgb-card-content wpgb-scheme-dark\"><div class=\"wpgb-card-body\"><div class=\"wpgb-block-7\"><h3 class=\"wpgb-block-1\"><a href=\"https:\/\/www.camping-helios.com\/de\/lieux\/beziers\/\">B\u00e9ziers<\/a><\/h3><\/div><div class=\"wpgb-block-5\"><span class=\"wpgb-block-term\" data-id=\"52\">St\u00e4dte &amp; D\u00f6rfer<\/span><\/div><p class=\"wpgb-block-2\">Besichtigung von B\u00e9ziers von Vias Plage aus: Kathedrale, Canal du Midi und Schleusen von Fonseranes Ein Ausflug zwischen Kulturerbe, Fahrrad&#8230;<\/p><div class=\"wpgb-block-3\">Distance du camping : 20km<\/div><\/div><div class=\"wpgb-card-footer\"><a class=\"wpgb-block-4\" href=\"https:\/\/www.camping-helios.com\/de\/lieux\/beziers\/\"><strong>En savoir plus<\/strong><\/a><\/div><\/div><\/div><\/div><\/article><article class=\"wpgb-card wpgb-card-21 wpgb-post-1744\" data-col=\"1\" data-row=\"1\" data-format=\"standard\" data-fluid><div class=\"wpgb-card-wrapper\"><div class=\"wpgb-card-inner\"><div class=\"wpgb-card-media wpgb-scheme-light\" data-action><svg data-ratio style=\"padding-top:66.8%\" viewBox=\"0 0 768 513\" aria-hidden=\"true\"><\/svg><div class=\"wpgb-card-media-thumbnail\"><a href=\"https:\/\/www.camping-helios.com\/wp-content\/uploads\/2026\/02\/sete-camping-helios-herault_03-scaled.webp\" tabindex=\"-1\" class=\"wpgb-handle-lb wpgb-lightbox\" data-type=\"image\" data-rel=\"5\" data-title=\"sete-camping-helios-herault_03\" title=\"Enlarge photo\"><div style=\"background-image:url(https:\/\/www.camping-helios.com\/wp-content\/uploads\/2026\/02\/sete-camping-helios-herault_03-768x513.webp)\"><\/div><noscript><img loading=\"lazy\" decoding=\"async\" class=\"wpgb-noscript-img\" src=\"https:\/\/www.camping-helios.com\/wp-content\/uploads\/2026\/02\/sete-camping-helios-herault_03-768x513.webp\" alt=\"Kanal mit Booten, alte Geb\u00e4ude in S\u00e8te.\" height=\"513\" width=\"768\"><\/noscript><\/a><\/div><a class=\"wpgb-card-layer-link\" target=\"_self\" href=\"https:\/\/www.camping-helios.com\/de\/lieux\/sete\/\"><\/a><\/div><div class=\"wpgb-card-content wpgb-scheme-dark\"><div class=\"wpgb-card-body\"><div class=\"wpgb-block-7\"><h3 class=\"wpgb-block-1\"><a href=\"https:\/\/www.camping-helios.com\/de\/lieux\/sete\/\">S\u00e8te<\/a><\/h3><\/div><div class=\"wpgb-block-5\"><span class=\"wpgb-block-term\" data-id=\"52\">St\u00e4dte &amp; D\u00f6rfer<\/span><\/div><p class=\"wpgb-block-2\">Besuchen Sie S\u00e8te von unserem Campingplatz in Vias Plage aus: Kan\u00e4le, Panoramen und Traditionen Ein unumg\u00e4nglicher Ausflug zwischen Kan\u00e4len und&#8230;<\/p><div class=\"wpgb-block-3\">Distance du camping : 32km<\/div><\/div><div class=\"wpgb-card-footer\"><a class=\"wpgb-block-4\" href=\"https:\/\/www.camping-helios.com\/de\/lieux\/sete\/\"><strong>En savoir plus<\/strong><\/a><\/div><\/div><\/div><\/div><\/article>\t\t<\/div>\n\t<\/div>\n\t<\/div>\n\t<\/div>\n\t\t<\/div>\n<\/div>\n<\/div>\n\n\n\n<div class=\"wp-block-column wpgrid-map-right is-layout-flow wp-block-column-is-layout-flow\" style=\"padding-top:var(--wp--preset--spacing--m);padding-right:0;padding-bottom:0;padding-left:0\"><div class=\"wpgb-facet wpgb-loading wpgb-facet-9\" data-facet=\"9\" data-grid=\"5\">\t<fieldset>\n\t\t<legend class=\"wpgb-facet-title wpgb-sr-only\">Plune Map - Map facet<\/legend>\n\t\t<div class=\"wpgb-map-facet\" style=\"padding-bottom:100%\"><\/div><label class=\"wpgb-map-pan-to-search\">\n\t\t\t\t<input type=\"checkbox\">\n\t\t\t\t<span class=\"wpgb-checkbox-control\"><\/span>\n\t\t\t\t<span class=\"wpgb-map-pan-label\">Suchen, wenn ich die Karte verschiebe<\/span>\n\t\t\t<\/label>\t<\/fieldset>\n\t<\/div><\/div>\n<\/div>\n\n\n\n<div style=\"height:100px\" aria-hidden=\"true\" class=\"wp-block-spacer\"><\/div>\n<\/div>\n<\/div>\n<\/div><\/div>\n<\/div>\n\n<p><\/p>\n","protected":false},"excerpt":{"rendered":"<p>Was kann man rund um den Campingplatz in Vias Plage unternehmen? Entdecken Sie die touristischen Ziele in der N\u00e4he des Campingplatzes Helios Le Campingplatz H\u00e9lios in Vias Plage hat eine privilegierte Lage, um den Tourismus im Departement H\u00e9rault zu genie\u00dfen. Er liegt direkt am Meer, nur 150 m vom Strand und 800 m vom Ferienort [&hellip;]<\/p>\n","protected":false},"author":1,"featured_media":0,"parent":0,"menu_order":13,"comment_status":"closed","ping_status":"closed","template":"page-no-gsap","meta":{"_acf_changed":false,"_seopress_robots_primary_cat":"","_seopress_titles_title":"Tourisme H\u00e9rault | Que faire en camping dans l'H\u00e9rault (34) ?","_seopress_titles_desc":"Planifiez l'escapade parfaite dans l'H\u00e9rault au camping Helios. Activit\u00e9s, visites et d\u00e9tente pr\u00e8s de notre camping en bord de mer.","_seopress_robots_index":"","footnotes":""},"class_list":["post-2074","page","type-page","status-publish","hentry"],"acf":[],"_links":{"self":[{"href":"https:\/\/www.camping-helios.com\/de\/wp-json\/wp\/v2\/pages\/2074","targetHints":{"allow":["GET"]}}],"collection":[{"href":"https:\/\/www.camping-helios.com\/de\/wp-json\/wp\/v2\/pages"}],"about":[{"href":"https:\/\/www.camping-helios.com\/de\/wp-json\/wp\/v2\/types\/page"}],"author":[{"embeddable":true,"href":"https:\/\/www.camping-helios.com\/de\/wp-json\/wp\/v2\/users\/1"}],"replies":[{"embeddable":true,"href":"https:\/\/www.camping-helios.com\/de\/wp-json\/wp\/v2\/comments?post=2074"}],"version-history":[{"count":6,"href":"https:\/\/www.camping-helios.com\/de\/wp-json\/wp\/v2\/pages\/2074\/revisions"}],"predecessor-version":[{"id":4536,"href":"https:\/\/www.camping-helios.com\/de\/wp-json\/wp\/v2\/pages\/2074\/revisions\/4536"}],"wp:attachment":[{"href":"https:\/\/www.camping-helios.com\/de\/wp-json\/wp\/v2\/media?parent=2074"}],"curies":[{"name":"wp","href":"https:\/\/api.w.org\/{rel}","templated":true}]}}