{"id":2134,"date":"2026-01-07T15:13:26","date_gmt":"2026-01-07T14:13:26","guid":{"rendered":"https:\/\/camping-helios.plune.fr\/der-campingplatz\/bereiten-sie-ihren-urlaub-vor\/"},"modified":"2026-02-24T10:26:06","modified_gmt":"2026-02-24T09:26:06","slug":"bereiten-sie-ihren-urlaub-vor","status":"publish","type":"page","link":"https:\/\/www.camping-helios.com\/de\/der-campingplatz\/bereiten-sie-ihren-urlaub-vor\/","title":{"rendered":"Planen Sie Ihren Urlaub"},"content":{"rendered":"\n<div class=\"wp-block-group alignfull hrz-hero-5 home-hero is-layout-flow wp-block-group-is-layout-flow\" style=\"margin-top:0;margin-bottom:0;padding-top:0;padding-right:0;padding-bottom:0;padding-left:0\">\n<div class=\"wp-block-group hrz-hero-5-video is-layout-flow wp-block-group-is-layout-flow\">\n<div class=\"wp-block-cover alignfull has-custom-content-position is-position-bottom-center banner-m-50vh\" style=\"padding-top:0;padding-right:0;padding-bottom:0;padding-left:0;min-height:100vh;aspect-ratio:unset;\"><img alt=\"\" loading=\"lazy\" decoding=\"async\" width=\"2560\" height=\"1440\" class=\"wp-block-cover__image-background wp-image-1495 size-16\/9_2560x1440_desktop\" alt=\"\" src=\"https:\/\/www.camping-helios.com\/wp-content\/uploads\/2026\/02\/camping-helios-anthony-guillemer-benzin-production-2025-00770-2560x1440.jpg\" data-object-fit=\"cover\" srcset=\"https:\/\/www.camping-helios.com\/wp-content\/uploads\/2026\/02\/camping-helios-anthony-guillemer-benzin-production-2025-00770-2560x1440.jpg 2560w, https:\/\/www.camping-helios.com\/wp-content\/uploads\/2026\/02\/camping-helios-anthony-guillemer-benzin-production-2025-00770-1920x1080.jpg 1920w, https:\/\/www.camping-helios.com\/wp-content\/uploads\/2026\/02\/camping-helios-anthony-guillemer-benzin-production-2025-00770-1440x810.jpg 1440w, https:\/\/www.camping-helios.com\/wp-content\/uploads\/2026\/02\/camping-helios-anthony-guillemer-benzin-production-2025-00770-1366x768.jpg 1366w, https:\/\/www.camping-helios.com\/wp-content\/uploads\/2026\/02\/camping-helios-anthony-guillemer-benzin-production-2025-00770-1024x576.jpg 1024w, https:\/\/www.camping-helios.com\/wp-content\/uploads\/2026\/02\/camping-helios-anthony-guillemer-benzin-production-2025-00770-800x450.jpg 800w, https:\/\/www.camping-helios.com\/wp-content\/uploads\/2026\/02\/camping-helios-anthony-guillemer-benzin-production-2025-00770-640x360.jpg 640w, https:\/\/www.camping-helios.com\/wp-content\/uploads\/2026\/02\/camping-helios-anthony-guillemer-benzin-production-2025-00770-375x210.jpg 375w, https:\/\/www.camping-helios.com\/wp-content\/uploads\/2026\/02\/camping-helios-anthony-guillemer-benzin-production-2025-00770-200x112.jpg 200w, https:\/\/www.camping-helios.com\/wp-content\/uploads\/2026\/02\/camping-helios-anthony-guillemer-benzin-production-2025-00770-100x56.jpg 100w\" sizes=\"auto, (max-width: 2560px) 100vw, 2560px\" \/><span aria-hidden=\"true\" class=\"wp-block-cover__background has-transparent-background-color has-background-dim-100 has-background-dim\"><\/span><div class=\"wp-block-cover__inner-container is-layout-flow wp-block-cover-is-layout-flow\">\n<div class=\"wp-block-group has-secondary-gradient-gradient-background has-background has-global-padding is-layout-constrained wp-block-group-is-layout-constrained\">\n<div style=\"height:15vh\" aria-hidden=\"true\" class=\"wp-block-spacer\"><\/div>\n<\/div>\n<\/div><\/div>\n<\/div>\n<\/div>\n\n\n<div style=\"padding-top:10px;padding-left:10px;\" class=\"alignfull wp-elements-c549f836684188f85e65cc5f157bd5e7 wp-block-wpseopress-breadcrumbs\"><nav  aria-label=\"Brotkrumen\"><ol class=\"breadcrumb\" itemscope itemtype=\"https:\/\/schema.org\/BreadcrumbList\"><li class=\"breadcrumb-item active\" aria-current=\"page\" itemprop=\"itemListElement\" itemscope itemtype=\"https:\/\/schema.org\/ListItem\"><span itemprop=\"name\">Camping Vias Plage<\/span><meta itemprop=\"position\" content=\"1\"><\/li><\/ol><\/nav><\/div>\n\n\n<div class=\"wp-block-group alignfull has-global-padding is-layout-constrained wp-container-core-group-is-layout-9c03a1a5 wp-block-group-is-layout-constrained\" style=\"margin-top:0;margin-bottom:153px;padding-top:0;padding-right:0;padding-bottom:0;padding-left:0\">\n<div class=\"wp-block-group has-global-padding is-layout-constrained wp-container-core-group-is-layout-6d08aa83 wp-block-group-is-layout-constrained\" style=\"margin-top:0;margin-bottom:0;padding-top:0;padding-right:0;padding-bottom:0;padding-left:0\">\n<div class=\"wp-block-group alignwide is-layout-flow wp-block-group-is-layout-flow\">\n<figure class=\"wp-block-image aligncenter size-full\"><img loading=\"lazy\" decoding=\"async\" width=\"72\" height=\"90\" src=\"https:\/\/www.camping-helios.com\/wp-content\/uploads\/2026\/02\/mascotte_avis-1.webp\" alt=\"Stilisiertes Logo einer Figur in Form eines Igels\" class=\"wp-image-1648\"\/><\/figure>\n\n\n\n<div style=\"height:15px\" aria-hidden=\"true\" class=\"wp-block-spacer\"><\/div>\n<\/div>\n<\/div>\n\n\n\n<div class=\"wp-block-group has-global-padding is-layout-constrained wp-container-core-group-is-layout-72d38984 wp-block-group-is-layout-constrained\" style=\"margin-top:0;margin-bottom:0;padding-top:0;padding-right:0;padding-bottom:0;padding-left:0\">\n<h1 class=\"wp-block-heading has-text-align-center is-style-top-title is-style-top-title--1\" style=\"margin-bottom:0\">Bereiten Sie Ihren Urlaub auf dem Campingplatz Vias Plage im Departement H\u00e9rault (34) vor.<\/h1>\n\n\n\n<p class=\"has-text-align-center is-style-title-below is-style-title-below--2\" style=\"padding-bottom:0\">Die wichtigsten Informationen vor der Ankunft<\/p>\n\n\n\n<div class=\"wp-block-group has-global-padding is-layout-constrained wp-block-group-is-layout-constrained\">\n<p style=\"text-align: center;\" data-start=\"76\" data-end=\"410\">Willkommen auf der Seite mit den n\u00fctzlichen Dokumenten von <a href=\"https:\/\/www.camping-helios.com\/de\/\"><strong>Camping H\u00e9lios in Vias Plage<\/strong><\/a> \u2600\ufe0f<br data-start=\"152\" data-end=\"155\">Um Ihren Aufenthalt in Ruhe vorbereiten zu k\u00f6nnen, haben wir hier alle notwendigen Dokumente zusammengestellt. Hier finden Sie alle Informationen, die Sie brauchen, um Ihre Ankunft zu organisieren und Ihren Urlaub am Meer in vollen Z\u00fcgen zu genie\u00dfen.<\/p>\n<p style=\"text-align: center;\" data-start=\"417\" data-end=\"570\">Bitte besuchen Sie diese Seite vor Ihrer Abreise, um die neuesten Versionen unserer offiziellen Dokumente herunterzuladen, die immer auf dem neuesten Stand sind.<\/p>\n<\/div>\n<\/div>\n<\/div>\n\n\n\n<div class=\"wp-block-group alignfull has-global-padding is-layout-constrained wp-container-core-group-is-layout-72d38984 wp-block-group-is-layout-constrained\" style=\"margin-top:0;margin-bottom:0;padding-top:0;padding-right:0;padding-bottom:0;padding-left:0\">\n<div class=\"wp-block-buttons is-content-justification-center is-layout-flex wp-container-core-buttons-is-layout-30682d38 wp-block-buttons-is-layout-flex\" style=\"margin-bottom:var(--wp--preset--spacing--xl)\">\n<div class=\"wp-block-button\"><a class=\"wp-block-button__link wp-element-button\" href=\"https:\/\/www.camping-helios.com\/wp-content\/uploads\/2026\/02\/HELIOS-BROCHURE-2026.pdf\" target=\"_blank\" rel=\"noreferrer noopener\">Brosch\u00fcre<\/a><\/div>\n\n\n\n<div class=\"wp-block-button\"><a class=\"wp-block-button__link wp-element-button\" href=\"https:\/\/www.camping-helios.com\/wp-content\/uploads\/2026\/02\/TARIFS-2026.pdf\" target=\"_blank\" rel=\"noreferrer noopener\">Preise<\/a><\/div>\n\n\n\n<div class=\"wp-block-button\"><a class=\"wp-block-button__link has-text-align-center wp-element-button\" href=\"https:\/\/www.camping-helios.com\/wp-content\/uploads\/2026\/02\/PLAN-2026.pdf\" target=\"_blank\" rel=\"noreferrer noopener\">Plan des Campingplatzes<\/a><\/div>\n<\/div>\n<\/div>\n\n\n\n<div class=\"wp-block-buttons is-content-justification-center is-layout-flex wp-container-core-buttons-is-layout-a89b3969 wp-block-buttons-is-layout-flex\">\n<div class=\"wp-block-button\"><a class=\"wp-block-button__link wp-element-button\" href=\"https:\/\/www.camping-helios.com\/wp-content\/uploads\/2026\/02\/CONTRAT-DE-RESERVATION-2026.pdf\" target=\"_blank\" rel=\"noreferrer noopener\">Reservierungsvertrag<\/a><\/div>\n\n\n\n<div class=\"wp-block-button\"><a class=\"wp-block-button__link has-text-align-center wp-element-button\" href=\"https:\/\/www.camping-helios.com\/wp-content\/uploads\/2026\/02\/2026-cgv-campez-couvert-all-2.pdf\" target=\"_blank\" rel=\"noreferrer noopener\">Reiser\u00fccktrittsversicherung<\/a><\/div>\n<\/div>\n\n\n\n<div style=\"height:280px\" aria-hidden=\"true\" class=\"wp-block-spacer\"><\/div>\n","protected":false},"excerpt":{"rendered":"<p>Bereiten Sie Ihren Urlaub auf dem Campingplatz Vias Plage im Departement H\u00e9rault (34) vor. Die wichtigsten Informationen vor der Ankunft Willkommen auf der Seite mit den n\u00fctzlichen Dokumenten von Camping H\u00e9lios in Vias Plage \u2600\ufe0fUm Ihren Aufenthalt in Ruhe vorbereiten zu k\u00f6nnen, haben wir hier alle notwendigen Dokumente zusammengestellt. Hier finden Sie alle Informationen, die [&hellip;]<\/p>\n","protected":false},"author":1,"featured_media":0,"parent":1571,"menu_order":69,"comment_status":"closed","ping_status":"closed","template":"page-no-title","meta":{"_acf_changed":false,"_seopress_robots_primary_cat":"","_seopress_titles_title":"Pr\u00e9parez ses vacances en camping \u00e0 Vias plage dans l'H\u00e9rault (34)","_seopress_titles_desc":"T\u00e9l\u00e9chargez tous les documents utiles pour pr\u00e9parer vos vacances au Camping Helios dans la plus belle station baln\u00e9raire, \u00e0 Vias plage dans l'H\u00e9rault (34).","_seopress_robots_index":"","footnotes":""},"class_list":["post-2134","page","type-page","status-publish","hentry"],"acf":[],"_links":{"self":[{"href":"https:\/\/www.camping-helios.com\/de\/wp-json\/wp\/v2\/pages\/2134","targetHints":{"allow":["GET"]}}],"collection":[{"href":"https:\/\/www.camping-helios.com\/de\/wp-json\/wp\/v2\/pages"}],"about":[{"href":"https:\/\/www.camping-helios.com\/de\/wp-json\/wp\/v2\/types\/page"}],"author":[{"embeddable":true,"href":"https:\/\/www.camping-helios.com\/de\/wp-json\/wp\/v2\/users\/1"}],"replies":[{"embeddable":true,"href":"https:\/\/www.camping-helios.com\/de\/wp-json\/wp\/v2\/comments?post=2134"}],"version-history":[{"count":6,"href":"https:\/\/www.camping-helios.com\/de\/wp-json\/wp\/v2\/pages\/2134\/revisions"}],"predecessor-version":[{"id":4045,"href":"https:\/\/www.camping-helios.com\/de\/wp-json\/wp\/v2\/pages\/2134\/revisions\/4045"}],"up":[{"embeddable":true,"href":"https:\/\/www.camping-helios.com\/de\/wp-json\/wp\/v2\/pages\/1571"}],"wp:attachment":[{"href":"https:\/\/www.camping-helios.com\/de\/wp-json\/wp\/v2\/media?parent=2134"}],"curies":[{"name":"wp","href":"https:\/\/api.w.org\/{rel}","templated":true}]}}