{"id":2329,"date":"2026-01-07T17:33:57","date_gmt":"2026-01-07T16:33:57","guid":{"rendered":"https:\/\/camping-helios.plune.fr\/offers-promotions\/"},"modified":"2026-03-10T16:39:26","modified_gmt":"2026-03-10T15:39:26","slug":"offers-promotions","status":"publish","type":"page","link":"https:\/\/www.camping-helios.com\/en\/offers-promotions\/","title":{"rendered":"Offers &amp; promotions"},"content":{"rendered":"\n<div class=\"wp-block-group alignfull hrz-hero-5 home-hero is-layout-flow wp-block-group-is-layout-flow\" style=\"margin-top:0;margin-bottom:0;padding-top:0;padding-right:0;padding-bottom:0;padding-left:0\">\n<div class=\"wp-block-group is-layout-flow wp-block-group-is-layout-flow\">\n<div class=\"wp-block-cover alignfull has-custom-content-position is-position-bottom-center banner-m-50vh\" style=\"padding-top:0;padding-right:0;padding-bottom:0;padding-left:0;min-height:100vh;aspect-ratio:unset;\"><img alt=\"Vue a\u00e9rienne d&#039;un site color\u00e9 de nuit.\" loading=\"lazy\" decoding=\"async\" width=\"2560\" height=\"1440\" class=\"wp-block-cover__image-background wp-image-1422 size-16\/9_2560x1440_desktop\" alt=\"\" src=\"https:\/\/www.camping-helios.com\/wp-content\/uploads\/2026\/02\/camping-helios-anthony-guillemer-benzin-production-2025-138-2560x1440.jpg\" style=\"object-position:45% 84%\" data-object-fit=\"cover\" data-object-position=\"45% 84%\" srcset=\"https:\/\/www.camping-helios.com\/wp-content\/uploads\/2026\/02\/camping-helios-anthony-guillemer-benzin-production-2025-138-2560x1440.jpg 2560w, https:\/\/www.camping-helios.com\/wp-content\/uploads\/2026\/02\/camping-helios-anthony-guillemer-benzin-production-2025-138-1920x1080.jpg 1920w, https:\/\/www.camping-helios.com\/wp-content\/uploads\/2026\/02\/camping-helios-anthony-guillemer-benzin-production-2025-138-1440x810.jpg 1440w, https:\/\/www.camping-helios.com\/wp-content\/uploads\/2026\/02\/camping-helios-anthony-guillemer-benzin-production-2025-138-1366x768.jpg 1366w, https:\/\/www.camping-helios.com\/wp-content\/uploads\/2026\/02\/camping-helios-anthony-guillemer-benzin-production-2025-138-1024x576.jpg 1024w, https:\/\/www.camping-helios.com\/wp-content\/uploads\/2026\/02\/camping-helios-anthony-guillemer-benzin-production-2025-138-800x450.jpg 800w, https:\/\/www.camping-helios.com\/wp-content\/uploads\/2026\/02\/camping-helios-anthony-guillemer-benzin-production-2025-138-640x360.jpg 640w, https:\/\/www.camping-helios.com\/wp-content\/uploads\/2026\/02\/camping-helios-anthony-guillemer-benzin-production-2025-138-375x210.jpg 375w, https:\/\/www.camping-helios.com\/wp-content\/uploads\/2026\/02\/camping-helios-anthony-guillemer-benzin-production-2025-138-200x112.jpg 200w, https:\/\/www.camping-helios.com\/wp-content\/uploads\/2026\/02\/camping-helios-anthony-guillemer-benzin-production-2025-138-100x56.jpg 100w\" sizes=\"auto, (max-width: 2560px) 100vw, 2560px\" \/><span aria-hidden=\"true\" class=\"wp-block-cover__background has-transparent-background-color has-background-dim-100 has-background-dim\"><\/span><div class=\"wp-block-cover__inner-container is-layout-flow wp-block-cover-is-layout-flow\">\n<div class=\"wp-block-group has-secondary-gradient-gradient-background has-background has-global-padding is-layout-constrained wp-block-group-is-layout-constrained\">\n<div style=\"height:15vh\" aria-hidden=\"true\" class=\"wp-block-spacer\"><\/div>\n<\/div>\n<\/div><\/div>\n<\/div>\n<\/div>\n<div style=\"padding-top:10px;padding-left:10px;\" class=\"alignfull wp-elements-c549f836684188f85e65cc5f157bd5e7 wp-block-wpseopress-breadcrumbs\"><nav  aria-label=\"breadcrumb\"><ol class=\"breadcrumb\" itemscope itemtype=\"https:\/\/schema.org\/BreadcrumbList\"><li class=\"breadcrumb-item active\" aria-current=\"page\" itemprop=\"itemListElement\" itemscope itemtype=\"https:\/\/schema.org\/ListItem\"><span itemprop=\"name\">Vias Plage Campground<\/span><meta itemprop=\"position\" content=\"1\"><\/li><\/ol><\/nav><\/div>\n<div class=\"wp-block-group alignfull has-global-padding is-layout-constrained wp-container-core-group-is-layout-9c03a1a5 wp-block-group-is-layout-constrained\" style=\"margin-top:0;margin-bottom:153px;padding-top:0;padding-right:0;padding-bottom:0;padding-left:0\">\n<div class=\"wp-block-group has-global-padding is-layout-constrained wp-container-core-group-is-layout-6d08aa83 wp-block-group-is-layout-constrained\" style=\"margin-top:0;margin-bottom:0;padding-top:0;padding-right:0;padding-bottom:0;padding-left:0\">\n<div class=\"wp-block-group alignwide is-layout-flow wp-block-group-is-layout-flow\">\n<div style=\"height:15px\" aria-hidden=\"true\" class=\"wp-block-spacer\"><\/div>\n\n\n\n<figure class=\"wp-block-image aligncenter size-full\" style=\"margin-bottom:var(--wp--preset--spacing--xs)\"><img loading=\"lazy\" decoding=\"async\" width=\"72\" height=\"90\" src=\"https:\/\/www.camping-helios.com\/wp-content\/uploads\/2026\/02\/mascotte_avis-1.webp\" alt=\"Stylized logo of a hedgehog-shaped character\" class=\"wp-image-1648\"\/><\/figure>\n<\/div>\n<\/div>\n\n\n\n<div class=\"wp-block-group has-global-padding is-layout-constrained wp-container-core-group-is-layout-72d38984 wp-block-group-is-layout-constrained\" style=\"margin-top:0;margin-bottom:0;padding-top:0;padding-right:0;padding-bottom:0;padding-left:0\">\n<h1 class=\"wp-block-heading has-text-align-center is-style-top-title is-style-top-title--1\" style=\"margin-bottom:0\">Special offers for your camping vacation at Vias Plage<\/h1>\n\n\n\n<p class=\"has-text-align-center is-style-title-below is-style-title-below--2\" style=\"padding-bottom:0\">Services designed for your stay<\/p>\n\n\n\n<div class=\"wp-block-group has-global-padding is-layout-constrained wp-block-group-is-layout-constrained\">\n<p class=\"has-text-align-center\">Le <strong><a href=\"https:\/\/www.camping-helios.com\/en\/\" data-type=\"page\" data-id=\"4\">Camping H\u00e9lios in Vias Plage<\/a><\/strong> regularly offers special deals and promotions to make your seaside vacation even more affordable. Depending on the period, length of stay or type of accommodation chosen, you can take advantage of special rates on mobile-home rentals, chalets or pitches. These offers are designed to suit different holidaymaker profiles, whether for a few nights&#8217; getaway or a longer stay. Check this page regularly to find out about current promotions and prepare your stay in Vias in the best possible conditions.   <\/p>\n<\/div>\n<\/div>\n<\/div>\n\n<div class=\"wp-block-group alignwide has-global-padding is-layout-constrained wp-container-core-group-is-layout-20aa5b90 wp-block-group-is-layout-constrained\" style=\"padding-right:var(--wp--preset--spacing--xxs);padding-left:var(--wp--preset--spacing--xxs)\">\n<div class=\"wp-block-query alignwide is-layout-flow wp-block-query-is-layout-flow\"><ul class=\"wp-block-post-template is-layout-flow wp-container-core-post-template-is-layout-36514ee4 wp-block-post-template-is-layout-flow\"><li class=\"wp-block-post post-1737 post type-post status-publish format-standard has-post-thumbnail hentry category-offers-promotions-camping-vias-plage\">\n\n<div class=\"wp-block-group hrz-bloc-overflow-hidden has-global-padding is-layout-constrained wp-block-group-is-layout-constrained\" style=\"border-top-left-radius:30px;border-top-right-radius:30px;border-bottom-left-radius:30px;border-bottom-right-radius:30px;box-shadow:var(--wp--preset--shadow--light)\">\n<div class=\"wp-block-group is-style-hover-image-effect has-global-padding is-layout-constrained wp-block-group-is-layout-constrained\" style=\"border-top-left-radius:8px;border-top-right-radius:8px;border-bottom-left-radius:0px;border-bottom-right-radius:0px;box-shadow:none\"><figure style=\"aspect-ratio:16\/9; margin-top:0;margin-bottom:0;\" class=\"wp-block-post-featured-image\"><a href=\"https:\/\/www.camping-helios.com\/en\/promotion-pitches\/\" target=\"_self\"  ><img loading=\"lazy\" decoding=\"async\" width=\"2560\" height=\"1708\" src=\"https:\/\/www.camping-helios.com\/wp-content\/uploads\/2026\/02\/emplacement-camping-helios-herault_01-scaled.webp\" class=\"attachment-post-thumbnail size-post-thumbnail wp-post-image\" alt=\"Promotion Pitches\" style=\"border-top-left-radius:25px;border-top-right-radius:25px;border-bottom-left-radius:0px;border-bottom-right-radius:0px;width:100%;height:100%;object-fit:cover;\" srcset=\"https:\/\/www.camping-helios.com\/wp-content\/uploads\/2026\/02\/emplacement-camping-helios-herault_01-scaled.webp 2560w, https:\/\/www.camping-helios.com\/wp-content\/uploads\/2026\/02\/emplacement-camping-helios-herault_01-300x200.webp 300w, https:\/\/www.camping-helios.com\/wp-content\/uploads\/2026\/02\/emplacement-camping-helios-herault_01-1024x683.webp 1024w, https:\/\/www.camping-helios.com\/wp-content\/uploads\/2026\/02\/emplacement-camping-helios-herault_01-768x512.webp 768w, https:\/\/www.camping-helios.com\/wp-content\/uploads\/2026\/02\/emplacement-camping-helios-herault_01-1440x960.webp 1440w, https:\/\/www.camping-helios.com\/wp-content\/uploads\/2026\/02\/emplacement-camping-helios-herault_01-1080x720.webp 1080w, https:\/\/www.camping-helios.com\/wp-content\/uploads\/2026\/02\/emplacement-camping-helios-herault_01-720x480.webp 720w, https:\/\/www.camping-helios.com\/wp-content\/uploads\/2026\/02\/emplacement-camping-helios-herault_01-480x320.webp 480w, https:\/\/www.camping-helios.com\/wp-content\/uploads\/2026\/02\/emplacement-camping-helios-herault_01-240x160.webp 240w, https:\/\/www.camping-helios.com\/wp-content\/uploads\/2026\/02\/emplacement-camping-helios-herault_01-120x80.webp 120w\" sizes=\"auto, (max-width: 2560px) 100vw, 2560px\" \/><\/a><\/figure><\/div>\n\n\n\n<div class=\"wp-block-group flex-grow has-white-background-color has-background is-vertical is-content-justification-center is-layout-flex wp-container-core-group-is-layout-88666f5d wp-block-group-is-layout-flex\" style=\"border-top-left-radius:0px;border-top-right-radius:0px;border-bottom-left-radius:25px;border-bottom-right-radius:25px;margin-top:0;margin-bottom:0;padding-top:var(--wp--preset--spacing--xs);padding-right:var(--wp--preset--spacing--s);padding-bottom:var(--wp--preset--spacing--xs);padding-left:var(--wp--preset--spacing--s)\">\n<div class=\"wp-block-group is-vertical is-content-justification-center is-layout-flex wp-container-core-group-is-layout-d60e23ab wp-block-group-is-layout-flex\" style=\"margin-top:0;margin-bottom:0\"><h2 style=\"font-style:normal;font-weight:700;line-height:1; padding-top:0;padding-bottom:0;padding-left:0;padding-right:0;margin-top:0;margin-bottom:var(--wp--preset--spacing--xs);\" class=\"has-text-align-center has-link-color wp-elements-84b919b7f32cd7a91c7724bd1a23031e wp-block-post-title has-text-color has-secondary-color has-l-font-size has-secondary-font-family\">Promotion Pitches<\/h2>\n\n<div style=\"font-style:normal;font-weight:400; padding-right:0;padding-left:0;padding-top:0;padding-bottom:0;margin-right:0;margin-left:0;margin-top:0;margin-bottom:0;\" class=\"has-text-align-center wp-block-post-excerpt has-s-font-size wp-container-content-9cfa9a5a\"><p class=\"wp-block-post-excerpt__excerpt\">Reduced rate in low season. <\/p><\/div><\/div>\n\n\n<a style=\"font-style:normal;font-weight:600;text-transform:uppercase; border-radius:100px;border-width:0px;\" class=\"is-style-read-more-hover is-style-primary-button-style wp-elements-5e0cfdf5458649ec2cf836ac585b274c is-style-primary-button-style--3 wp-block-read-more has-text-color has-white-color\" href=\"https:\/\/www.camping-helios.com\/en\/promotion-pitches\/\" target=\"_self\">Read more<span class=\"screen-reader-text\">: Promotion Pitches<\/span><\/a><\/div>\n<\/div>\n\n<\/li><li class=\"wp-block-post post-1726 post type-post status-publish format-standard hentry category-offers-promotions-camping-vias-plage\">\n\n<div class=\"wp-block-group hrz-bloc-overflow-hidden has-global-padding is-layout-constrained wp-block-group-is-layout-constrained\" style=\"border-top-left-radius:30px;border-top-right-radius:30px;border-bottom-left-radius:30px;border-bottom-right-radius:30px;box-shadow:var(--wp--preset--shadow--light)\">\n<div class=\"wp-block-group is-style-hover-image-effect has-global-padding is-layout-constrained wp-block-group-is-layout-constrained\" style=\"border-top-left-radius:8px;border-top-right-radius:8px;border-bottom-left-radius:0px;border-bottom-right-radius:0px;box-shadow:none\"><\/div>\n\n\n\n<div class=\"wp-block-group flex-grow has-white-background-color has-background is-vertical is-content-justification-center is-layout-flex wp-container-core-group-is-layout-88666f5d wp-block-group-is-layout-flex\" style=\"border-top-left-radius:0px;border-top-right-radius:0px;border-bottom-left-radius:25px;border-bottom-right-radius:25px;margin-top:0;margin-bottom:0;padding-top:var(--wp--preset--spacing--xs);padding-right:var(--wp--preset--spacing--s);padding-bottom:var(--wp--preset--spacing--xs);padding-left:var(--wp--preset--spacing--s)\">\n<div class=\"wp-block-group is-vertical is-content-justification-center is-layout-flex wp-container-core-group-is-layout-d60e23ab wp-block-group-is-layout-flex\" style=\"margin-top:0;margin-bottom:0\"><h2 style=\"font-style:normal;font-weight:700;line-height:1; padding-top:0;padding-bottom:0;padding-left:0;padding-right:0;margin-top:0;margin-bottom:var(--wp--preset--spacing--xs);\" class=\"has-text-align-center has-link-color wp-elements-84b919b7f32cd7a91c7724bd1a23031e wp-block-post-title has-text-color has-secondary-color has-l-font-size has-secondary-font-family\">Rental Promotions<\/h2>\n\n<div style=\"font-style:normal;font-weight:400; padding-right:0;padding-left:0;padding-top:0;padding-bottom:0;margin-right:0;margin-left:0;margin-top:0;margin-bottom:0;\" class=\"has-text-align-center wp-block-post-excerpt has-s-font-size wp-container-content-9cfa9a5a\"><p class=\"wp-block-post-excerpt__excerpt\">Benefit from a discount on your stay <\/p><\/div><\/div>\n\n\n<a style=\"font-style:normal;font-weight:600;text-transform:uppercase; border-radius:100px;border-width:0px;\" class=\"is-style-read-more-hover is-style-primary-button-style wp-elements-5e0cfdf5458649ec2cf836ac585b274c is-style-primary-button-style--4 wp-block-read-more has-text-color has-white-color\" href=\"https:\/\/www.camping-helios.com\/en\/rental-promotions\/\" target=\"_self\">Read more<span class=\"screen-reader-text\">: Rental Promotions<\/span><\/a><\/div>\n<\/div>\n\n<\/li><\/ul>\n\n\n<div style=\"height:50px\" aria-hidden=\"true\" class=\"wp-block-spacer\"><\/div>\n\n\n\n\n\n\n\n<div style=\"height:160px\" aria-hidden=\"true\" class=\"wp-block-spacer\"><\/div>\n<\/div>\n<\/div>\n","protected":false},"excerpt":{"rendered":"<p>Special offers for your camping vacation at Vias Plage Services designed for your stay Le Camping H\u00e9lios in Vias Plage regularly offers special deals and promotions to make your seaside vacation even more affordable. Depending on the period, length of stay or type of accommodation chosen, you can take advantage of special rates on mobile-home [&hellip;]<\/p>\n","protected":false},"author":1,"featured_media":0,"parent":0,"menu_order":20,"comment_status":"closed","ping_status":"closed","template":"page-no-title","meta":{"_acf_changed":false,"_seopress_robots_primary_cat":"","_seopress_titles_title":"Promotions camping Vias Plage | Offres & Promotions","_seopress_titles_desc":"Profitez de nos meilleures offres ! R\u00e9ductions sur les locations de mobil-homes et frais de dossier r\u00e9duits sur les emplacements en basse saison \u00e0 Vias Plage.","_seopress_robots_index":"","footnotes":""},"class_list":["post-2329","page","type-page","status-publish","hentry"],"acf":[],"_links":{"self":[{"href":"https:\/\/www.camping-helios.com\/en\/wp-json\/wp\/v2\/pages\/2329","targetHints":{"allow":["GET"]}}],"collection":[{"href":"https:\/\/www.camping-helios.com\/en\/wp-json\/wp\/v2\/pages"}],"about":[{"href":"https:\/\/www.camping-helios.com\/en\/wp-json\/wp\/v2\/types\/page"}],"author":[{"embeddable":true,"href":"https:\/\/www.camping-helios.com\/en\/wp-json\/wp\/v2\/users\/1"}],"replies":[{"embeddable":true,"href":"https:\/\/www.camping-helios.com\/en\/wp-json\/wp\/v2\/comments?post=2329"}],"version-history":[{"count":5,"href":"https:\/\/www.camping-helios.com\/en\/wp-json\/wp\/v2\/pages\/2329\/revisions"}],"predecessor-version":[{"id":4959,"href":"https:\/\/www.camping-helios.com\/en\/wp-json\/wp\/v2\/pages\/2329\/revisions\/4959"}],"wp:attachment":[{"href":"https:\/\/www.camping-helios.com\/en\/wp-json\/wp\/v2\/media?parent=2329"}],"curies":[{"name":"wp","href":"https:\/\/api.w.org\/{rel}","templated":true}]}}